{"id":24798,"date":"2020-11-12T11:04:31","date_gmt":"2020-11-12T10:04:31","guid":{"rendered":"https:\/\/www.ibcspain.com\/beta\/?page_id=24798"},"modified":"2022-02-10T12:06:17","modified_gmt":"2022-02-10T11:06:17","slug":"services","status":"publish","type":"page","link":"https:\/\/www.ibcspain.com\/fr\/services\/","title":{"rendered":"Services"},"content":{"rendered":"<section class=\"wpb-content-wrapper\"><p>[vc_row][vc_column offset=&#8221;vc_col-lg-12 vc_hidden-md vc_hidden-sm&#8221;]<div class=\"clearboth\"><\/div><style>#thegem-divider-69f0f0be124b2 {margin-top: 110px !important;}<\/style><div id=\"thegem-divider-69f0f0be124b2\" class=\"gem-divider  \" style=\"\" ><\/div>[\/vc_column][vc_column offset=&#8221;vc_hidden-lg vc_col-md-12 vc_col-xs-12&#8243;]<div class=\"clearboth\"><\/div><style>#thegem-divider-69f0f0be12520 {margin-top: 30px !important;}<\/style><div id=\"thegem-divider-69f0f0be12520\" class=\"gem-divider  \" style=\"\" ><\/div>[\/vc_column][vc_column disable_custom_paddings_mobile=&#8221;true&#8221; css=&#8221;.vc_custom_1603990747925{padding-right: 46px !important;}&#8221; offset=&#8221;vc_col-lg-6 vc_col-md-6 vc_col-xs-12&#8243;]<div class=\"gem-image gem-wrapbox gem-wrapbox-style-default gem-wrapbox-position-left lazy-loading\"  style=\"\"><div class=\"gem-wrapbox-inner  lazy-loading-item\"  data-ll-effect=\"move-up\"><img decoding=\"async\" class=\"gem-wrapbox-element img-responsive\" src=\"https:\/\/www.ibcspain.com\/wp-content\/uploads\/2022\/01\/ing_servicios_consulting.jpg\" alt=\"\"\/><\/div><\/div>[\/vc_column][vc_column offset=&#8221;vc_col-lg-6 vc_col-md-6 vc_col-xs-12&#8243;][vc_row_inner][vc_column_inner][vc_column_text css_animation=&#8221;bottom-to-top&#8221;]<\/p>\n<div class=\"title-h3\">Consulting<\/div>\n<p>[\/vc_column_text][\/vc_column_inner][vc_column_inner offset=&#8221;vc_col-lg-12 vc_hidden-md vc_hidden-sm vc_hidden-xs&#8221;]<div class=\"clearboth\"><\/div><style>#thegem-divider-69f0f0be131dc {margin-top: 30px !important;}<\/style><div id=\"thegem-divider-69f0f0be131dc\" class=\"gem-divider  \" style=\"\" ><\/div>[\/vc_column_inner][\/vc_row_inner][vc_row_inner][vc_column_inner width=&#8221;1\/6&#8243; disable_custom_paddings_mobile=&#8221;true&#8221; css=&#8221;.vc_custom_1603227305877{padding-right: 0px !important;}&#8221;]<div class=\"clearboth\"><\/div><style>#thegem-divider-69f0f0be1323e {margin-top: 11px !important;}<\/style><div id=\"thegem-divider-69f0f0be1323e\" class=\"gem-divider  \" style=\"\" ><\/div><div class=\"clearboth\"><\/div><div id=\"thegem-divider-69f0f0be13276\" class=\"gem-divider   gem-divider-style-2\" style=\"border-color: #ffcb73;\" ><\/div>[\/vc_column_inner][vc_column_inner width=&#8221;5\/6&#8243; disable_custom_paddings_tablet=&#8221;true&#8221; disable_custom_paddings_mobile=&#8221;true&#8221; css=&#8221;.vc_custom_1603226220434{padding-right: 21% !important;padding-left: 20px !important;}&#8221;][vc_column_text css_animation=&#8221;bottom-to-top&#8221;]Plans strat\u00e9giques du secteur public: tourisme, IDE, comp\u00e9titivit\u00e9, commerce<\/p>\n<p>Plans strat\u00e9giques et plans d&#8217;action du secteur priv\u00e9: faisabilit\u00e9, internationalisation<\/p>\n<p>Connaissance du march\u00e9<\/p>\n<p>Publications sur le commerce international et l&#8217;investissement<\/p>\n<p>Appels d&#8217;offres et programmes europ\u00e9ens<\/p>\n<p>Stabilit\u00e9 de l&#8217;investissement \u00e9tranger[\/vc_column_text][\/vc_column_inner][vc_column_inner offset=&#8221;vc_col-lg-12 vc_hidden-md vc_hidden-sm vc_hidden-xs&#8221;]<div class=\"clearboth\"><\/div><style>#thegem-divider-69f0f0be1329e {margin-top: 30px !important;}<\/style><div id=\"thegem-divider-69f0f0be1329e\" class=\"gem-divider  \" style=\"\" ><\/div>[\/vc_column_inner][\/vc_row_inner][\/vc_column][\/vc_row][vc_row][vc_column offset=&#8221;vc_col-lg-12 vc_col-md-12 vc_hidden-md vc_hidden-sm vc_hidden-xs&#8221;]<div class=\"clearboth\"><\/div><style>#thegem-divider-69f0f0be132c6 {margin-top: 85px !important;}<\/style><div id=\"thegem-divider-69f0f0be132c6\" class=\"gem-divider  \" style=\"\" ><\/div>[\/vc_column][vc_column offset=&#8221;vc_hidden-lg vc_col-md-12 vc_col-xs-12&#8243;]<div class=\"clearboth\"><\/div><style>#thegem-divider-69f0f0be132ee {margin-top: 30px !important;}<\/style><div id=\"thegem-divider-69f0f0be132ee\" class=\"gem-divider  \" style=\"\" ><\/div>[\/vc_column][vc_column offset=&#8221;vc_col-lg-6 vc_col-md-6 vc_col-xs-12&#8243;][vc_row_inner][vc_column_inner][vc_column_text css_animation=&#8221;bottom-to-top&#8221;]<\/p>\n<div class=\"title-h3\">Training<\/div>\n<p>[\/vc_column_text][\/vc_column_inner][vc_column_inner offset=&#8221;vc_col-lg-12 vc_hidden-md vc_hidden-sm vc_hidden-xs&#8221;]<div class=\"clearboth\"><\/div><style>#thegem-divider-69f0f0be13312 {margin-top: 30px !important;}<\/style><div id=\"thegem-divider-69f0f0be13312\" class=\"gem-divider  \" style=\"\" ><\/div>[\/vc_column_inner][\/vc_row_inner][vc_row_inner][vc_column_inner width=&#8221;1\/6&#8243; disable_custom_paddings_mobile=&#8221;true&#8221; css=&#8221;.vc_custom_1603227312740{padding-right: 0px !important;}&#8221;]<div class=\"clearboth\"><\/div><style>#thegem-divider-69f0f0be13336 {margin-top: 11px !important;}<\/style><div id=\"thegem-divider-69f0f0be13336\" class=\"gem-divider  \" style=\"\" ><\/div><div class=\"clearboth\"><\/div><div id=\"thegem-divider-69f0f0be1335c\" class=\"gem-divider   gem-divider-style-2\" style=\"border-color: #ffcb73;\" ><\/div>[\/vc_column_inner][vc_column_inner width=&#8221;5\/6&#8243; disable_custom_paddings_tablet=&#8221;true&#8221; disable_custom_paddings_mobile=&#8221;true&#8221; css=&#8221;.vc_custom_1603226226248{padding-right: 21% !important;padding-left: 20px !important;}&#8221;][vc_column_text css_animation=&#8221;bottom-to-top&#8221;]Marketing international<\/p>\n<p>E-marketing<\/p>\n<p>Logistique<\/p>\n<p>Tourisme<\/p>\n<p>Marketing portuaire[\/vc_column_text][\/vc_column_inner][vc_column_inner offset=&#8221;vc_col-lg-12 vc_hidden-md vc_hidden-sm vc_hidden-xs&#8221;]<div class=\"clearboth\"><\/div><style>#thegem-divider-69f0f0be1337e {margin-top: 30px !important;}<\/style><div id=\"thegem-divider-69f0f0be1337e\" class=\"gem-divider  \" style=\"\" ><\/div>[\/vc_column_inner][\/vc_row_inner][\/vc_column][vc_column disable_custom_paddings_mobile=&#8221;true&#8221; css=&#8221;.vc_custom_1603990806078{padding-left: 46px !important;}&#8221; offset=&#8221;vc_col-lg-6 vc_col-md-6 vc_col-xs-12&#8243;]<div class=\"gem-image gem-wrapbox gem-wrapbox-style-default gem-wrapbox-position-right lazy-loading\"  style=\"\"><div class=\"gem-wrapbox-inner  lazy-loading-item\"  data-ll-effect=\"move-up\"><img decoding=\"async\" class=\"gem-wrapbox-element img-responsive\" src=\"https:\/\/www.ibcspain.com\/wp-content\/uploads\/2022\/01\/ing_servicios_training.jpg\" alt=\"\"\/><\/div><\/div>[\/vc_column][\/vc_row][vc_row][vc_column offset=&#8221;vc_col-lg-12 vc_col-md-12 vc_hidden-md vc_hidden-sm vc_hidden-xs&#8221;]<div class=\"clearboth\"><\/div><style>#thegem-divider-69f0f0be14985 {margin-top: 85px !important;}<\/style><div id=\"thegem-divider-69f0f0be14985\" class=\"gem-divider  \" style=\"\" ><\/div>[\/vc_column][vc_column offset=&#8221;vc_hidden-lg vc_col-md-12 vc_col-xs-12&#8243;]<div class=\"clearboth\"><\/div><style>#thegem-divider-69f0f0be149cb {margin-top: 30px !important;}<\/style><div id=\"thegem-divider-69f0f0be149cb\" class=\"gem-divider  \" style=\"\" ><\/div>[\/vc_column][vc_column disable_custom_paddings_mobile=&#8221;true&#8221; css=&#8221;.vc_custom_1603990817545{padding-right: 46px !important;}&#8221; offset=&#8221;vc_col-lg-6 vc_col-md-6 vc_col-xs-12&#8243;]<div class=\"gem-image gem-wrapbox gem-wrapbox-style-default gem-wrapbox-position-left lazy-loading\"  style=\"\"><div class=\"gem-wrapbox-inner  lazy-loading-item\"  data-ll-effect=\"move-up\"><img decoding=\"async\" class=\"gem-wrapbox-element img-responsive\" src=\"https:\/\/www.ibcspain.com\/wp-content\/uploads\/2022\/01\/ing_servicios_networking.jpg\" alt=\"\"\/><\/div><\/div>[\/vc_column][vc_column offset=&#8221;vc_col-lg-6 vc_col-md-6 vc_col-xs-12&#8243;][vc_row_inner][vc_column_inner][vc_column_text css_animation=&#8221;bottom-to-top&#8221;]<\/p>\n<div class=\"title-h3\">Networking<\/div>\n<p>[\/vc_column_text][\/vc_column_inner][vc_column_inner offset=&#8221;vc_col-lg-12 vc_hidden-md vc_hidden-sm vc_hidden-xs&#8221;]<div class=\"clearboth\"><\/div><style>#thegem-divider-69f0f0be15220 {margin-top: 30px !important;}<\/style><div id=\"thegem-divider-69f0f0be15220\" class=\"gem-divider  \" style=\"\" ><\/div>[\/vc_column_inner][\/vc_row_inner][vc_row_inner][vc_column_inner width=&#8221;1\/6&#8243; disable_custom_paddings_mobile=&#8221;true&#8221; css=&#8221;.vc_custom_1603227318143{padding-right: 0px !important;}&#8221;]<div class=\"clearboth\"><\/div><style>#thegem-divider-69f0f0be1525f {margin-top: 11px !important;}<\/style><div id=\"thegem-divider-69f0f0be1525f\" class=\"gem-divider  \" style=\"\" ><\/div><div class=\"clearboth\"><\/div><div id=\"thegem-divider-69f0f0be15287\" class=\"gem-divider   gem-divider-style-2\" style=\"border-color: #ffcb73;\" ><\/div>[\/vc_column_inner][vc_column_inner width=&#8221;5\/6&#8243; disable_custom_paddings_tablet=&#8221;true&#8221; disable_custom_paddings_mobile=&#8221;true&#8221; css=&#8221;.vc_custom_1603226230820{padding-right: 21% !important;padding-left: 20px !important;}&#8221;][vc_column_text css_animation=&#8221;bottom-to-top&#8221;]Agenda avec les principales organisations priv\u00e9es et publiques<\/p>\n<p>Acc\u00e8s avec des clients et des fournisseurs potentiel<\/p>\n<p>Coordination des missions commerciales et des foire[\/vc_column_text][\/vc_column_inner][vc_column_inner offset=&#8221;vc_col-lg-12 vc_hidden-md vc_hidden-sm vc_hidden-xs&#8221;]<div class=\"clearboth\"><\/div><style>#thegem-divider-69f0f0be1529f {margin-top: 30px !important;}<\/style><div id=\"thegem-divider-69f0f0be1529f\" class=\"gem-divider  \" style=\"\" ><\/div>[\/vc_column_inner][\/vc_row_inner][\/vc_column][\/vc_row][vc_row][vc_column offset=&#8221;vc_col-lg-12 vc_hidden-md vc_hidden-sm vc_hidden-xs&#8221;]<div class=\"clearboth\"><\/div><style>#thegem-divider-69f0f0be152b3 {margin-top: 70px !important;}<\/style><div id=\"thegem-divider-69f0f0be152b3\" class=\"gem-divider  \" style=\"\" ><\/div>[\/vc_column][vc_column offset=&#8221;vc_hidden-lg vc_col-md-12 vc_col-xs-12&#8243;]<div class=\"clearboth\"><\/div><div id=\"thegem-divider-69f0f0be152c6\" class=\"gem-divider  \" style=\"\" ><\/div>[\/vc_column][\/vc_row]<\/p>\n<\/section>","protected":false},"excerpt":{"rendered":"<p>[vc_row][vc_column offset=&#8221;vc_col-lg-12 vc_hidden-md vc_hidden-sm&#8221;][\/vc_column][vc_column offset=&#8221;vc_hidden-lg vc_col-md-12 vc_col-xs-12&#8243;][\/vc_column][vc_column disable_custom_paddings_mobile=&#8221;true&#8221; css=&#8221;.vc_custom_1603990747925{padding-right: 46px !important;}&#8221; offset=&#8221;vc_col-lg-6 vc_col-md-6 vc_col-xs-12&#8243;][\/vc_column][vc_column offset=&#8221;vc_col-lg-6 vc_col-md-6 vc_col-xs-12&#8243;][vc_row_inner][vc_column_inner][vc_column_text css_animation=&#8221;bottom-to-top&#8221;] Consulting [\/vc_column_text][\/vc_column_inner][vc_column_inner&#8230;<\/p>\n","protected":false},"author":1,"featured_media":0,"parent":0,"menu_order":3,"comment_status":"closed","ping_status":"closed","template":"","meta":{"footnotes":""},"class_list":["post-24798","page","type-page","status-publish"],"_links":{"self":[{"href":"https:\/\/www.ibcspain.com\/fr\/wp-json\/wp\/v2\/pages\/24798","targetHints":{"allow":["GET"]}}],"collection":[{"href":"https:\/\/www.ibcspain.com\/fr\/wp-json\/wp\/v2\/pages"}],"about":[{"href":"https:\/\/www.ibcspain.com\/fr\/wp-json\/wp\/v2\/types\/page"}],"author":[{"embeddable":true,"href":"https:\/\/www.ibcspain.com\/fr\/wp-json\/wp\/v2\/users\/1"}],"replies":[{"embeddable":true,"href":"https:\/\/www.ibcspain.com\/fr\/wp-json\/wp\/v2\/comments?post=24798"}],"version-history":[{"count":4,"href":"https:\/\/www.ibcspain.com\/fr\/wp-json\/wp\/v2\/pages\/24798\/revisions"}],"predecessor-version":[{"id":25107,"href":"https:\/\/www.ibcspain.com\/fr\/wp-json\/wp\/v2\/pages\/24798\/revisions\/25107"}],"wp:attachment":[{"href":"https:\/\/www.ibcspain.com\/fr\/wp-json\/wp\/v2\/media?parent=24798"}],"curies":[{"name":"wp","href":"https:\/\/api.w.org\/{rel}","templated":true}]}}