{"id":24789,"date":"2020-10-11T11:30:18","date_gmt":"2020-10-11T10:30:18","guid":{"rendered":"https:\/\/www.ibcspain.com\/beta\/?page_id=24789"},"modified":"2022-02-10T12:03:31","modified_gmt":"2022-02-10T11:03:31","slug":"a-propos-de-nous","status":"publish","type":"page","link":"https:\/\/www.ibcspain.com\/fr\/a-propos-de-nous\/","title":{"rendered":"\u00c0 propos de nous"},"content":{"rendered":"<section class=\"wpb-content-wrapper\"><p>[vc_row][vc_column offset=&#8221;vc_col-lg-12 vc_hidden-md vc_hidden-sm&#8221;]<div class=\"clearboth\"><\/div><style>#thegem-divider-69f0f2af39818 {margin-top: 110px !important;}<\/style><div id=\"thegem-divider-69f0f2af39818\" class=\"gem-divider  \" style=\"\" ><\/div>[\/vc_column][vc_column offset=&#8221;vc_hidden-lg vc_col-md-12 vc_col-xs-12&#8243;]<div class=\"clearboth\"><\/div><style>#thegem-divider-69f0f2af39868 {margin-top: 30px !important;}<\/style><div id=\"thegem-divider-69f0f2af39868\" class=\"gem-divider  \" style=\"\" ><\/div>[\/vc_column][vc_column width=&#8221;5\/6&#8243; offset=&#8221;vc_col-lg-offset-0 vc_col-lg-6 vc_col-md-offset-0 vc_col-md-6 vc_col-sm-offset-2 vc_col-xs-12&#8243;]<div class=\"gem-image gem-wrapbox gem-wrapbox-style-default gem-wrapbox-position-left lazy-loading\"  style=\"\"><div class=\"gem-wrapbox-inner  lazy-loading-item\"  data-ll-effect=\"move-up\"><img decoding=\"async\" class=\"gem-wrapbox-element img-responsive\" src=\"https:\/\/www.ibcspain.com\/wp-content\/uploads\/2022\/01\/img_meeting_sobrenosotros.jpg\" alt=\"\"\/><\/div><\/div>[\/vc_column][vc_column offset=&#8221;vc_col-lg-6 vc_col-md-6 vc_col-xs-12&#8243;][vc_row_inner][vc_column_inner][vc_column_text css_animation=&#8221;bottom-to-top&#8221;]<\/p>\n<div class=\"title-h3\">IBC est offert comme une solution rentable pour favoriser les relations internationales pour augmenter les affaires \u00e0 l&#8217;\u00e9tranger<\/div>\n<p>[\/vc_column_text][\/vc_column_inner][vc_column_inner offset=&#8221;vc_col-lg-12 vc_col-md-12 vc_hidden-sm vc_hidden-xs&#8221;]<div class=\"clearboth\"><\/div><style>#thegem-divider-69f0f2af39d94 {margin-top: 30px !important;}<\/style><div id=\"thegem-divider-69f0f2af39d94\" class=\"gem-divider  \" style=\"\" ><\/div>[\/vc_column_inner][\/vc_row_inner][vc_row_inner][vc_column_inner width=&#8221;1\/6&#8243; disable_custom_paddings_mobile=&#8221;true&#8221; css=&#8221;.vc_custom_1603185862828{padding-right: 0px !important;}&#8221;]<div class=\"clearboth\"><\/div><style>#thegem-divider-69f0f2af39dc7 {margin-top: 11px !important;}<\/style><div id=\"thegem-divider-69f0f2af39dc7\" class=\"gem-divider  \" style=\"\" ><\/div><div class=\"clearboth\"><\/div><div id=\"thegem-divider-69f0f2af39df9\" class=\"gem-divider   gem-divider-style-2\" style=\"border-color: #ffca73;\" ><\/div>[\/vc_column_inner][vc_column_inner width=&#8221;5\/6&#8243; disable_custom_paddings_tablet=&#8221;true&#8221; disable_custom_paddings_mobile=&#8221;true&#8221; css=&#8221;.vc_custom_1603177981334{padding-right: 21% !important;padding-left: 20px !important;}&#8221;][vc_column_text css_animation=&#8221;bottom-to-top&#8221;]International Business Council Spain (IBC) a \u00e9t\u00e9 fond\u00e9 en 2009 par un groupe de sp\u00e9cialistes du commerce ext\u00e9rieur, des relations internationales et du marketing. Depuis lors, il a d\u00e9velopp\u00e9 un travail remarquable en accompagnant des entit\u00e9s publiques et priv\u00e9es dans leurs processus d&#8217;internationalisation vers l&#8217;Afrique, l&#8217;Am\u00e9rique latine et les \u00c9tats-Unis.<\/p>\n<p>L&#8217;\u00e9quipe IBC travaille en \u00e9troite collaboration avec nos clients en tant que d\u00e9partement international externe afin de d\u00e9velopper leurs projets de mani\u00e8re efficace et rentable sans avoir \u00e0 cr\u00e9er leurs propres structures.[\/vc_column_text][\/vc_column_inner][\/vc_row_inner][\/vc_column][\/vc_row][vc_row][vc_column offset=&#8221;vc_hidden-lg vc_col-md-12 vc_hidden-xs&#8221;]<div class=\"clearboth\"><\/div><style>#thegem-divider-69f0f2af39e23 {margin-top: 1px !important;}<\/style><div id=\"thegem-divider-69f0f2af39e23\" class=\"gem-divider  \" style=\"\" ><\/div>[\/vc_column][vc_column offset=&#8221;vc_col-lg-6 vc_col-md-6 vc_col-xs-12&#8243;][vc_row_inner][vc_column_inner offset=&#8221;vc_col-lg-12 vc_hidden-md vc_hidden-sm vc_hidden-xs&#8221;]<div class=\"clearboth\"><\/div><style>#thegem-divider-69f0f2af39e41 {margin-top: 60px !important;}<\/style><div id=\"thegem-divider-69f0f2af39e41\" class=\"gem-divider  \" style=\"\" ><\/div>[\/vc_column_inner][\/vc_row_inner][vc_row_inner][vc_column_inner offset=&#8221;vc_col-lg-12 vc_col-md-12 vc_hidden-sm vc_hidden-xs&#8221;][\/vc_column_inner][\/vc_row_inner][vc_row_inner][vc_column_inner width=&#8221;1\/6&#8243; disable_custom_paddings_mobile=&#8221;true&#8221; css=&#8221;.vc_custom_1603185884636{padding-right: 0px !important;}&#8221;]<div class=\"clearboth\"><\/div><style>#thegem-divider-69f0f2af39e5c {margin-top: 11px !important;}<\/style><div id=\"thegem-divider-69f0f2af39e5c\" class=\"gem-divider  \" style=\"\" ><\/div><div class=\"clearboth\"><\/div><div id=\"thegem-divider-69f0f2af39e77\" class=\"gem-divider   gem-divider-style-2\" style=\"border-color: #ffca73;\" ><\/div>[\/vc_column_inner][vc_column_inner width=&#8221;5\/6&#8243; disable_custom_paddings_tablet=&#8221;true&#8221; disable_custom_paddings_mobile=&#8221;true&#8221; css=&#8221;.vc_custom_1603177975870{padding-right: 26% !important;padding-left: 20px !important;}&#8221;][vc_column_text css_animation=&#8221;bottom-to-top&#8221;]De m\u00eame, l&#8217;\u00e9quipe du BAC travaille avec le secteur public dans les processus de planification et de dynamisation de l&#8217;internationalisation par le biais d&#8217;analyses, d&#8217;\u00e9tudes, de formations et de soutien \u00e0 des projets sp\u00e9cifiques.<\/p>\n<p>IBC aide le secteur public \u00e0 planifier et \u00e0 mettre en oeuvre des actions pour favoriser les relations internationales afin d&#8217;attirer investissements, talents et savoir-faire pour d\u00e9velopper le secteur priv\u00e9, notamment en Afrique o\u00f9 IBC encourage les<br \/>\nentreprises espagnoles \u00e0 investir et \u00e0 exporter et coop\u00e9rer. IBC s&#8217;appuie sur un solide r\u00e9seau de collaborateurs, de clients et de connaissances sur le continent avant mentionn\u00e9.<\/p>\n<p>IBC est propos\u00e9 comme une solution rentable pour mettre en place une base op\u00e9rationnelle pour la cr\u00e9ation d&#8217;un d\u00e9partement international au sein de votre entreprise.[\/vc_column_text][\/vc_column_inner][\/vc_row_inner][\/vc_column][vc_column width=&#8221;5\/6&#8243; css=&#8221;.vc_custom_1643885308376{margin-top: -52px !important;}&#8221; el_class=&#8221;gem-custom-responsive-column-margin&#8221; offset=&#8221;vc_col-lg-offset-0 vc_col-lg-6 vc_col-md-offset-0 vc_col-md-6 vc_col-sm-offset-2 vc_col-xs-12&#8243;]<div class=\"gem-image gem-wrapbox gem-wrapbox-style-default gem-wrapbox-position-right lazy-loading\"  style=\"\"><div class=\"gem-wrapbox-inner  lazy-loading-item\"  data-ll-effect=\"move-up\"><img decoding=\"async\" class=\"gem-wrapbox-element img-responsive\" src=\"https:\/\/www.ibcspain.com\/wp-content\/uploads\/2022\/01\/img_relacionesinernacionales.jpg\" alt=\"\"\/><\/div><\/div>[\/vc_column][\/vc_row][vc_row][vc_column offset=&#8221;vc_col-lg-12 vc_hidden-md vc_hidden-sm vc_hidden-xs&#8221;]<div class=\"clearboth\"><\/div><style>#thegem-divider-69f0f2af3a38c {margin-top: 50px !important;}<\/style><div id=\"thegem-divider-69f0f2af3a38c\" class=\"gem-divider  \" style=\"\" ><\/div>[vc_column_text css_animation=&#8221;bottom-to-top&#8221;]<\/p>\n<div class=\"title-h3\" style=\"text-align: center;\">SHORT BIO<\/div>\n<p>[\/vc_column_text][vc_row_inner equal_height=&#8221;yes&#8221; gap=&#8221;35&#8243;][vc_column_inner width=&#8221;1\/2&#8243;]<div class=\"gem-team row inline-row gem-team-style-5\" data-hover-colors=\"{&quot;image_border_color&quot;:&quot;#F6F6F6FF&quot;}\" >\n<div class=\"col-xs-12 inline-column\"> <div id=\"post-24915\" class=\"team-person centered-box default-background post-24915 thegem_team_person type-thegem_team_person status-publish has-post-thumbnail\" ><div class=\"team-person-hover\"> <div class=\"team-person-image\"> <span><span class=\"image-hover\" > <picture> <source srcset=\"https:\/\/www.ibcspain.com\/wp-content\/uploads\/2022\/01\/Navin_Khemlani.png 2x\" sizes=\"100vw\"> <img decoding=\"async\" src=\"https:\/\/www.ibcspain.com\/wp-content\/uploads\/2022\/01\/Navin_Khemlani.png\" width=\"240\" height=\"240\" class=\"img-responsive\" alt=\"Navin_Khemlani\" \/> <\/picture> <\/span><\/span> <\/div> <div class=\"team-person-info\"> <div class=\"team-person-name title-h4\" >Navin Khemlani<\/div> <div class=\"team-person-description\"><p>Navin Khemlani ha centrado su desarrollo profesional en la internacionalizaci\u00f3n de las PYMES. Desde el a\u00f1o 2006 dirige la empresa consultora IBC Spain, trabajando en estrecha colaboraci\u00f3n con empresas privadas e instituciones p\u00fablicas. En todo este periodo ha realizado planes estrat\u00e9gicos, elaborado informaci\u00f3n de mercado, planes de viabilidad, estrategias de comercializaci\u00f3n y marketing internacional para minimizar riesgos en el proceso de internacionalizaci\u00f3n. Es consultor homologado por la C\u00e1mara de Comercio Internacional en los INCOTERM 2020, y ha publicado informes en organismos internacionales como la Organizaci\u00f3n Mundial de Turismo y el Banco Interamericano de Desarrollo.<\/p>\n<\/div> <\/div> <div class=\"socials team-person-socials socials-colored-hover\"><a title=\"LinkedIn\" target=\"_blank\" href=\"https:\/\/www.linkedin.com\/in\/navin-khemlani-22b48b\/%20\" class=\"socials-item\"><i class=\"socials-item-icon social-item-rounded linkedin\"><\/i><\/a><\/div>\t<\/div><a class=\"team-person-link\" href=\"#\" target=\"_self\"><\/a><\/div>\n<\/div>\n<\/div>[\/vc_column_inner][vc_column_inner width=&#8221;1\/2&#8243;]<div class=\"gem-team row inline-row gem-team-style-5\" data-hover-colors=\"{&quot;image_border_color&quot;:&quot;#F6F6F6FF&quot;}\" >\n<div class=\"col-xs-12 inline-column\"> <div id=\"post-24950\" class=\"team-person centered-box default-background post-24950 thegem_team_person type-thegem_team_person status-publish has-post-thumbnail\" ><div class=\"team-person-hover\"> <div class=\"team-person-image\"> <span><span class=\"image-hover\" > <picture> <source srcset=\"https:\/\/www.ibcspain.com\/wp-content\/uploads\/2022\/01\/Alejandro_Rueda.png 2x\" sizes=\"100vw\"> <img decoding=\"async\" src=\"https:\/\/www.ibcspain.com\/wp-content\/uploads\/2022\/01\/Alejandro_Rueda.png\" width=\"240\" height=\"240\" class=\"img-responsive\" alt=\"Alejandro_Rueda\" \/> <\/picture> <\/span><\/span> <\/div> <div class=\"team-person-info\"> <div class=\"team-person-name title-h4\" >Alejandro Rueda<\/div> <div class=\"team-person-description\"><p>Alejandro Rueda es especialista en Comercio Exterior y Relaciones Internacionales, con una larga trayectoria en asociaciones empresariales espa\u00f1olas e internacionales. Tras su paso por las C\u00e1maras de Comercio de Gran Canaria y Lanzarote, desarrolla su actividad profesional desde 2010 como director de programas de la C\u00e1mara de Comercio de EE.UU. en Espa\u00f1a, compaginando esta labor con el desarrollo de proyectos de consultor\u00eda internacional en pa\u00edses como Senegal, Ghana, Hait\u00ed y Ecuador, entre otros.<\/p>\n<\/div> <\/div> <div class=\"socials team-person-socials socials-colored-hover\"><a title=\"LinkedIn\" target=\"_blank\" href=\"https:\/\/www.linkedin.com\/in\/alejandroruedavalido\/%20\" class=\"socials-item\"><i class=\"socials-item-icon social-item-rounded linkedin\"><\/i><\/a><\/div>\t<\/div><a class=\"team-person-link\" href=\"#\" target=\"_self\"><\/a><\/div>\n<\/div>\n<\/div>[\/vc_column_inner][\/vc_row_inner][\/vc_column][vc_column][vc_tta_tabs style=&#8221;outline&#8221; shape=&#8221;square&#8221; spacing=&#8221;3&#8243; active_section=&#8221;1&#8243; el_class=&#8221;gem-custom-tabs-color&#8221;][vc_tta_section title=&#8221;\u00bfQU\u00c9 HACEMOS?&#8221; tab_id=&#8221;que-hacemos5491-8fa3&#8243;][vc_row_inner][vc_column_inner offset=&#8221;vc_hidden-md vc_hidden-sm vc_hidden-xs&#8221;]<div class=\"clearboth\"><\/div><style>#thegem-divider-69f0f2af61ab4 {margin-top: 45px !important;}<\/style><div id=\"thegem-divider-69f0f2af61ab4\" class=\"gem-divider  \" style=\"\" ><\/div>[\/vc_column_inner][vc_column_inner css=&#8221;.vc_custom_1640773214849{padding-right: 25px !important;padding-left: 31px !important;}&#8221;]<div class=\"gem-list gem-list-type-disc-style-1 gem-list-color-4\" ><ul>\n<li>IBC trabaja para crear y mejorar las relaciones internacionales de sus clientes, con el objetivo de generar relaciones comerciales estables.<\/li>\n<li>Representamos los intereses de las empresas e instituciones para promover el desarrollo de su actividad en Espa\u00f1a, la UE y \u00c1frica. Tambi\u00e9n impulsamos proyectos de inversi\u00f3n internacional, generando conocimiento de los mercados y conectando empresas privadas y organizaciones p\u00fablicas para la materializaci\u00f3n de proyectos.<\/li>\n<li>IBC act\u00faa como plataforma para el intercambio de informaci\u00f3n y oportunidades con el fin de crear mayores y mejores relaciones empresariales entre Europa, Am\u00e9rica y \u00c1frica.<\/li>\n<\/ul>\n<\/div>[\/vc_column_inner][vc_column_inner offset=&#8221;vc_hidden-md vc_hidden-sm vc_hidden-xs&#8221;]<div class=\"clearboth\"><\/div><style>#thegem-divider-69f0f2af61b67 {margin-top: 10px !important;}<\/style><div id=\"thegem-divider-69f0f2af61b67\" class=\"gem-divider  \" style=\"\" ><\/div>[\/vc_column_inner][\/vc_row_inner][\/vc_tta_section][vc_tta_section title=&#8221;VISI\u00d3N&#8221; tab_id=&#8221;vision5491-8fa3&#8243;][vc_row_inner][vc_column_inner offset=&#8221;vc_hidden-md vc_hidden-sm vc_hidden-xs&#8221;]<div class=\"clearboth\"><\/div><style>#thegem-divider-69f0f2af61b89 {margin-top: 45px !important;}<\/style><div id=\"thegem-divider-69f0f2af61b89\" class=\"gem-divider  \" style=\"\" ><\/div>[\/vc_column_inner][vc_column_inner css=&#8221;.vc_custom_1640773187678{padding-right: 25px !important;padding-left: 31px !important;}&#8221;]<div class=\"gem-list gem-list-type-disc-style-1 gem-list-color-4\" ><ul>\n<li>Fomentar inversiones y relaciones comerciales internacionales de forma segura.<\/li>\n<li>Contribuir al desarrollo de conocimientos sobre mercados internacionales.<\/li>\n<li>Creaci\u00f3n de redes comerciales internacionales.<\/li>\n<\/ul>\n<\/div>[\/vc_column_inner][vc_column_inner offset=&#8221;vc_hidden-md vc_hidden-sm vc_hidden-xs&#8221;]<div class=\"clearboth\"><\/div><style>#thegem-divider-69f0f2af61c00 {margin-top: 10px !important;}<\/style><div id=\"thegem-divider-69f0f2af61c00\" class=\"gem-divider  \" style=\"\" ><\/div>[\/vc_column_inner][\/vc_row_inner][\/vc_tta_section][\/vc_tta_tabs][\/vc_column][\/vc_row][vc_row][vc_column offset=&#8221;vc_col-lg-12 vc_hidden-md vc_hidden-sm&#8221;]<div class=\"clearboth\"><\/div><style>#thegem-divider-69f0f2af61c1d {margin-top: 100px !important;}<\/style><div id=\"thegem-divider-69f0f2af61c1d\" class=\"gem-divider  \" style=\"\" ><\/div>[\/vc_column][vc_column offset=&#8221;vc_hidden-lg vc_col-md-12 vc_col-xs-12 vc_hidden-xs&#8221;]<div class=\"clearboth\"><\/div><style>#thegem-divider-69f0f2af61c35 {margin-top: 30px !important;}<\/style><div id=\"thegem-divider-69f0f2af61c35\" class=\"gem-divider  \" style=\"\" ><\/div>[\/vc_column][vc_column offset=&#8221;vc_col-lg-7 vc_col-md-7 vc_col-xs-12&#8243;][vc_row_inner][vc_column_inner width=&#8221;1\/6&#8243; disable_custom_paddings_mobile=&#8221;true&#8221; css=&#8221;.vc_custom_1603377383580{padding-right: 0px !important;}&#8221;]<div class=\"clearboth\"><\/div><style>#thegem-divider-69f0f2af61c4b {margin-top: 17px !important;}<\/style><div id=\"thegem-divider-69f0f2af61c4b\" class=\"gem-divider  \" style=\"\" ><\/div><div class=\"clearboth\"><\/div><div id=\"thegem-divider-69f0f2af61c63\" class=\"gem-divider   gem-divider-style-2\" style=\"border-color: #ffca72;\" ><\/div>[\/vc_column_inner][vc_column_inner width=&#8221;5\/6&#8243; disable_custom_paddings_tablet=&#8221;true&#8221; disable_custom_paddings_mobile=&#8221;true&#8221; css=&#8221;.vc_custom_1603376979605{padding-right: 21% !important;padding-left: 20px !important;}&#8221;][vc_column_text]<\/p>\n<div class=\"title-h4\">NOTRE EXPERTISE &#8211; \u00c1FRICA.<\/div>\n<p>[\/vc_column_text][\/vc_column_inner][vc_column_inner width=&#8221;5\/6&#8243; offset=&#8221;vc_hidden-md vc_hidden-sm vc_hidden-xs&#8221;][\/vc_column_inner][\/vc_row_inner][vc_row_inner][vc_column_inner width=&#8221;1\/6&#8243;][\/vc_column_inner][vc_column_inner width=&#8221;5\/6&#8243; disable_custom_paddings_tablet=&#8221;true&#8221; disable_custom_paddings_mobile=&#8221;true&#8221; css=&#8221;.vc_custom_1630921309113{padding-right: 10% !important;padding-left: 20px !important;}&#8221;]<div class=\"clearboth\"><\/div><style>#thegem-divider-69f0f2af61c78 {margin-top: 5px !important;}<\/style><div id=\"thegem-divider-69f0f2af61c78\" class=\"gem-divider  \" style=\"\" ><\/div>[vc_column_text]L&#8217;Afrique est appel\u00e9e \u00e0 devenir un moteur de la croissance mondiale en raison de quatre facteurs principaux.<\/p>\n<p>Tout d&#8217;abord, en raison de la concurrence accrue sur les march\u00e9s d\u00e9velopp\u00e9s, l&#8217;Afrique offre la possibilit\u00e9 de prendre un nouveau d\u00e9part. Le d\u00e9fi consistant \u00e0 passer de la pauvret\u00e9 \u00e0 la prosp\u00e9rit\u00e9 pose des hypoth\u00e8ses de croissance claires.<\/p>\n<p>Deuxi\u00e8mement, la concurrence pour l&#8217;acc\u00e8s aux ressources naturelles augmente le pouvoir de n\u00e9gociation de l&#8217;Afrique. En moins d&#8217;une d\u00e9cennie, les \u00e9conomies \u00e9mergentes sont devenues de grands consommateurs de p\u00e9trole, de gaz et d&#8217;autres min\u00e9raux. En cons\u00e9quence, les prix augmentent, tout comme le r\u00f4le strat\u00e9gique de l&#8217;Afrique.<\/p>\n<p>Troisi\u00e8mement, les changements technologiques et \u00e9conomiques ouvrent de nouvelles perspectives en Afrique. La concurrence s&#8217;intensifie pour g\u00e9rer des ressources rares, r\u00e9pondre aux besoins de la classe moyenne mondiale et attirer les classes d\u00e9favoris\u00e9es vers la consommation de masse. En outre, l&#8217;augmentation du co\u00fbt de la main-d&#8217;\u0153uvre en Asie cr\u00e9era des opportunit\u00e9s pour la fabrication \u00e0 faible co\u00fbt en Afrique.<\/p>\n<p>Les programmes de l&#8217;IBC sont con\u00e7us pour identifier et mettre en relation les meilleurs partenaires commerciaux en Afrique de l&#8217;Ouest, aux \u00c9tats-Unis et en Europe, en d\u00e9veloppant des contacts et des relations d&#8217;affaires, en fournissant une plateforme pour le d\u00e9veloppement de projets et l&#8217;\u00e9change d&#8217;informations.[\/vc_column_text][\/vc_column_inner][\/vc_row_inner][\/vc_column][vc_column width=&#8221;5\/6&#8243; offset=&#8221;vc_col-lg-offset-0 vc_col-lg-5 vc_col-md-offset-0 vc_col-md-5 vc_col-sm-offset-2 vc_col-xs-12&#8243;]<div class=\"gem-image gem-wrapbox gem-wrapbox-style-default gem-wrapbox-position-right\"  style=\"\"><div class=\"gem-wrapbox-inner \" ><img decoding=\"async\" class=\"gem-wrapbox-element img-responsive\" src=\"https:\/\/www.ibcspain.com\/wp-content\/uploads\/2022\/01\/img_africa_sobrenosotros.jpg\" alt=\"\"\/><\/div><\/div>[\/vc_column][vc_column offset=&#8221;vc_col-lg-12 vc_hidden-md vc_hidden-sm vc_hidden-xs&#8221;]<div class=\"clearboth\"><\/div><style>#thegem-divider-69f0f2af62222 {margin-top: 100px !important;}<\/style><div id=\"thegem-divider-69f0f2af62222\" class=\"gem-divider  \" style=\"\" ><\/div>[\/vc_column][vc_column offset=&#8221;vc_hidden-lg vc_col-md-12 vc_col-xs-12 vc_hidden-xs&#8221;]<div class=\"clearboth\"><\/div><style>#thegem-divider-69f0f2af62243 {margin-top: 30px !important;}<\/style><div id=\"thegem-divider-69f0f2af62243\" class=\"gem-divider  \" style=\"\" ><\/div>[\/vc_column][\/vc_row]<\/p>\n<\/section>","protected":false},"excerpt":{"rendered":"<p>[vc_row][vc_column offset=&#8221;vc_col-lg-12 vc_hidden-md vc_hidden-sm&#8221;][\/vc_column][vc_column offset=&#8221;vc_hidden-lg vc_col-md-12 vc_col-xs-12&#8243;][\/vc_column][vc_column width=&#8221;5\/6&#8243; offset=&#8221;vc_col-lg-offset-0 vc_col-lg-6 vc_col-md-offset-0 vc_col-md-6 vc_col-sm-offset-2 vc_col-xs-12&#8243;][\/vc_column][vc_column offset=&#8221;vc_col-lg-6 vc_col-md-6 vc_col-xs-12&#8243;][vc_row_inner][vc_column_inner][vc_column_text css_animation=&#8221;bottom-to-top&#8221;] IBC est&#8230;<\/p>\n","protected":false},"author":1,"featured_media":0,"parent":0,"menu_order":2,"comment_status":"closed","ping_status":"closed","template":"","meta":{"footnotes":""},"class_list":["post-24789","page","type-page","status-publish"],"_links":{"self":[{"href":"https:\/\/www.ibcspain.com\/fr\/wp-json\/wp\/v2\/pages\/24789","targetHints":{"allow":["GET"]}}],"collection":[{"href":"https:\/\/www.ibcspain.com\/fr\/wp-json\/wp\/v2\/pages"}],"about":[{"href":"https:\/\/www.ibcspain.com\/fr\/wp-json\/wp\/v2\/types\/page"}],"author":[{"embeddable":true,"href":"https:\/\/www.ibcspain.com\/fr\/wp-json\/wp\/v2\/users\/1"}],"replies":[{"embeddable":true,"href":"https:\/\/www.ibcspain.com\/fr\/wp-json\/wp\/v2\/comments?post=24789"}],"version-history":[{"count":14,"href":"https:\/\/www.ibcspain.com\/fr\/wp-json\/wp\/v2\/pages\/24789\/revisions"}],"predecessor-version":[{"id":25102,"href":"https:\/\/www.ibcspain.com\/fr\/wp-json\/wp\/v2\/pages\/24789\/revisions\/25102"}],"wp:attachment":[{"href":"https:\/\/www.ibcspain.com\/fr\/wp-json\/wp\/v2\/media?parent=24789"}],"curies":[{"name":"wp","href":"https:\/\/api.w.org\/{rel}","templated":true}]}}