{"id":25187,"date":"2022-02-10T12:46:40","date_gmt":"2022-02-10T11:46:40","guid":{"rendered":"https:\/\/www.ibcspain.com\/?page_id=25187"},"modified":"2022-02-10T12:54:01","modified_gmt":"2022-02-10T11:54:01","slug":"politica-de-cookies","status":"publish","type":"page","link":"https:\/\/www.ibcspain.com\/en\/politica-de-cookies\/","title":{"rendered":"Pol\u00edtica de Cookies"},"content":{"rendered":"<section class=\"wpb-content-wrapper\"><p>[vc_row][vc_column][vc_column_text]<\/p>\n<div>\n<h4 style=\"text-align: justify;\">Informaci\u00f3n en cumplimiento de la normativa de protecci\u00f3n de datos personales<\/h4>\n<p>&nbsp;<\/p>\n<\/div>\n<div style=\"text-align: justify;\"><strong>1. \u00bfQu\u00e9 son las cookies y para qu\u00e9 las usamos?<\/strong>\u00a0Una\u00a0cookie\u00a0o galleta inform\u00e1tica es un peque\u00f1o archivo de informaci\u00f3n que se guarda en su navegador cada vez que visita nuestra p\u00e1gina web. La utilidad de las cookies es guardar el historial de su actividad en nuestra p\u00e1gina web, de manera que, cuando la visite nuevamente, \u00e9sta pueda identificarle y configurar el contenido de la misma en base a sus h\u00e1bitos de navegaci\u00f3n, identidad y preferencias. Una cookie es inofensiva, no contiene c\u00f3digo malicioso o malintencionado (ej. virus, troyanos, gusanos, etc.) que pueda da\u00f1ar su terminal (ordenador, smartphone, tableta, etc.), pero s\u00ed tiene cierto impacto sobre su derecho a la protecci\u00f3n de sus datos, pues recoge determinada informaci\u00f3n concerniente a su persona (h\u00e1bitos de navegaci\u00f3n, identidad, preferencias, etc.).<\/div>\n<div>\u00a0<\/div>\n<div style=\"text-align: justify;\"><strong>2. \u00bfQu\u00e9 informaci\u00f3n guarda una cookie?<\/strong>\u00a0Las cookies no suelen recoger categor\u00edas especiales de datos personales (datos sensibles). Los datos que guardan son de car\u00e1cter t\u00e9cnico, preferencias personales, personalizaci\u00f3n de contenidos, etc.<\/div>\n<div>\u00a0<\/div>\n<div style=\"text-align: justify;\"><strong>3. \u00bfQu\u00e9 tipo de cookies existen?<\/strong>\u00a0Con car\u00e1cter general, existen cinco tipos de cookies:<\/div>\n<div style=\"text-align: justify;\">\u00a0<\/div>\n<div style=\"text-align: justify;\">\n<ul>\n<li><strong>Cookies t\u00e9cnicas:\u00a0<\/strong>Son las cookies m\u00e1s b\u00e1sicas. Permiten al usuario la navegaci\u00f3n a trav\u00e9s de una p\u00e1gina web, plataforma o aplicaci\u00f3n y la utilizaci\u00f3n de las diferentes opciones o servicios que en ella existan como, por ejemplo, controlar el tr\u00e1fico y la comunicaci\u00f3n de datos, identificar la sesi\u00f3n, acceder a partes de acceso restringido, recordar los elementos que integran un pedido, realizar el proceso de compra de un pedido, realizar la solicitud de inscripci\u00f3n o participaci\u00f3n en un evento, utilizar elementos de seguridad durante la navegaci\u00f3n, almacenar contenidos para la difusi\u00f3n de videos o sonido o compartir contenidos a trav\u00e9s de redes sociales.<\/li>\n<\/ul>\n<ul>\n<li><strong>Cookies de personalizaci\u00f3n:\u00a0<\/strong>Son aqu\u00e9llas que permiten al usuario acceder al servicio con algunas caracter\u00edsticas de car\u00e1cter general predefinidas en funci\u00f3n de una serie de criterios en el terminal del usuario como por ejemplo serian el idioma, el tipo de navegador a trav\u00e9s del cual accede al servicio, la configuraci\u00f3n regional desde donde accede al servicio, etc.<\/li>\n<\/ul>\n<ul>\n<li><strong>Cookies de an\u00e1lisis:\u00a0<\/strong>Son aqu\u00e9llas que permiten al responsable de las mismas, el seguimiento y an\u00e1lisis del comportamiento de los usuarios de los sitios web a los que est\u00e1n vinculadas. La informaci\u00f3n recogida mediante este tipo de cookies se utiliza en la medici\u00f3n de la actividad de los sitios web, aplicaci\u00f3n o plataforma y para la elaboraci\u00f3n de perfiles de navegaci\u00f3n de los usuarios de dichos sitios, aplicaciones y plataformas, con el fin de introducir mejoras en funci\u00f3n del an\u00e1lisis de los datos de uso que hacen los usuarios del servicio.<\/li>\n<\/ul>\n<ul>\n<li><strong>Cookies publicitarias:\u00a0<\/strong>Son aqu\u00e9llas que permiten la gesti\u00f3n, de la forma m\u00e1s eficaz posible, de los espacios publicitarios que, en su caso, el responsable haya incluido en una p\u00e1gina web, aplicaci\u00f3n o plataforma desde la que presta el servicio solicitado en base a criterios como el contenido editado o la frecuencia en la que se muestran los anuncios.<\/li>\n<\/ul>\n<ul>\n<li><strong>Cookies de publicidad comportamental:\u00a0<\/strong>Son aqu\u00e9llas que permiten la gesti\u00f3n, de la forma m\u00e1s eficaz posible, de los espacios publicitarios que, en su caso, el responsable haya incluido en una p\u00e1gina web, aplicaci\u00f3n o plataforma desde la que presta el servicio solicitado. Estas cookies almacenan informaci\u00f3n del comportamiento de los usuarios obtenida a trav\u00e9s de la observaci\u00f3n continuada de sus h\u00e1bitos de navegaci\u00f3n, lo que permite desarrollar un perfil espec\u00edfico para mostrar publicidad en funci\u00f3n del mismo.<\/li>\n<\/ul>\n<p><strong>4. \u00bfQu\u00e9 son las cookies propias y las de terceros?<\/strong><\/p>\n<ul>\n<li><strong>Cookies de propias:\u00a0<\/strong>Las cookies propias son aquellas que se generan y gestionan por el propio responsable que presta el servicio solicitado por el usuario.<\/li>\n<\/ul>\n<ul>\n<li><strong>Cookies de terceros:\u00a0<\/strong>Son aquellas que se generan por otras entidades distintas al propio responsable (servicios o proveedores externos, como por ejemplo Google).<\/li>\n<\/ul>\n<\/div>\n<div style=\"text-align: justify;\">\u00a0<\/div>\n<div style=\"text-align: justify;\"><strong>5. \u00bfQu\u00e9 tipo de cookies guarda nuestra p\u00e1gina web?<\/strong><\/div>\n<div style=\"text-align: justify;\">\u00a0<\/div>\n<div style=\"text-align: justify;\">Esta web utiliza cookies de an\u00e1lisis y de terceros. Para ello se analiza su navegaci\u00f3n en nuestra p\u00e1gina web con el fin de mejorar los servicios que le ofrecemos.<\/div>\n<div style=\"text-align: justify;\">\u00a0<\/div>\n<div style=\"text-align: justify;\"><strong>Google Analytics: http:\/\/www.google.com\/analytics\/<\/strong><\/div>\n<div style=\"text-align: justify;\">Esta aplicaci\u00f3n ha sido desarrollada por Google que nos presta el servicio de medici\u00f3n y an\u00e1lisis de la audiencia de nuestras p\u00e1ginas. Asimismo Google puede utilizar estos datos para mejorar sus propios servicios y para ofrecer servicios a otras empresas. Puede conocer esos otros usos desde los enlaces indicados. Estas herramientas no obtienen datos sobre su nombre o apellidos ni de la direcci\u00f3n postal desde donde se conecta. La informaci\u00f3n que obtienen esta relacionada con el n\u00famero de p\u00e1ginas vistas, el idioma, red social en la que se publican nuestras noticias, la ciudad a la que est\u00e1 asignada la direcci\u00f3n IP desde la que accede, el n\u00famero de nuevos usuarios, la frecuencia y reincidencia de las visitas, el tiempo de visita, el navegador y el operador o tipo de terminal desde el que se realiza la visita. Esta informaci\u00f3n la utilizamos para mejorar nuestras p\u00e1ginas, detectar nuevas necesidades y valorar las mejoras a introducir con la finalidad de prestar un mejor servicio a los usuarios que nos visitan adapt\u00e1ndolas por ejemplo a los navegadores o terminales m\u00e1s utilizados.<\/div>\n<div style=\"text-align: justify;\">\u00a0<\/div>\n<div>\n<p><strong>6. \u00bfQu\u00e9 puedo hacer con las cookies? <\/strong>Las cookies pueden ser borradas, aceptadas o bloqueadas, seg\u00fan desee, para esto s\u00f3lo debe configurar convenientemente el navegador web. En cualquier momento, puede impedir la instalaci\u00f3n de cookies (bloqueo) en su equipo mediante la opci\u00f3n correspondiente de su navegador, pero en dicho caso no podremos asegurarle el correcto funcionamiento de las distintas funcionalidades de nuestra p\u00e1gina web. A continuaci\u00f3n, le facilitamos los enlaces para la gesti\u00f3n y bloqueo de cookies dependiendo del navegador que utilice:<\/p>\n<ul style=\"text-align: justify;\">\n<li><strong>Internet Explorer:<\/strong>\u00a0<a href=\"http:\/\/windows.microsoft.com\/es-xl\/internet-explorer\/delete-manage-cookies#ie=ie-10\">http:\/\/windows.microsoft.com\/es-xl\/internet-explorer\/delete-manage-cookies#ie=ie-10<\/a><\/li>\n<li><strong>FireFox:<\/strong><a href=\"http:\/\/support.mozilla.org\/es\/kb\/habilitar-y-deshabilitar-cookies-que-los-sitios-we\">http:\/\/support.mozilla.org\/es\/kb\/habilitar-y-deshabilitar-cookies-que-los-sitios-we<\/a><\/li>\n<li><strong>Chrome:<\/strong><a href=\"https:\/\/support.google.com\/chrome\/answer\/95647?hl=es\">https:\/\/support.google.com\/chrome\/answer\/95647?hl=es<\/a><\/li>\n<li><strong>Safari:<\/strong>https:\/\/www.apple.com\/legal\/privacy\/es\/cookies\/<\/li>\n<\/ul>\n<p style=\"text-align: justify;\">Tambi\u00e9n puede borrar las cookies que tenga guardadas en su navegador acudiendo a las opciones de configuraci\u00f3n del mismo.<\/p>\n<\/div>\n<p>[\/vc_column_text][\/vc_column][\/vc_row]<\/p>\n<\/section>","protected":false},"excerpt":{"rendered":"<p>[vc_row][vc_column][vc_column_text] Informaci\u00f3n en cumplimiento de la normativa de protecci\u00f3n de datos personales &nbsp; 1. \u00bfQu\u00e9 son las cookies y para&#8230;<\/p>\n","protected":false},"author":1,"featured_media":0,"parent":0,"menu_order":0,"comment_status":"closed","ping_status":"closed","template":"","meta":{"footnotes":""},"class_list":["post-25187","page","type-page","status-publish"],"_links":{"self":[{"href":"https:\/\/www.ibcspain.com\/en\/wp-json\/wp\/v2\/pages\/25187","targetHints":{"allow":["GET"]}}],"collection":[{"href":"https:\/\/www.ibcspain.com\/en\/wp-json\/wp\/v2\/pages"}],"about":[{"href":"https:\/\/www.ibcspain.com\/en\/wp-json\/wp\/v2\/types\/page"}],"author":[{"embeddable":true,"href":"https:\/\/www.ibcspain.com\/en\/wp-json\/wp\/v2\/users\/1"}],"replies":[{"embeddable":true,"href":"https:\/\/www.ibcspain.com\/en\/wp-json\/wp\/v2\/comments?post=25187"}],"version-history":[{"count":2,"href":"https:\/\/www.ibcspain.com\/en\/wp-json\/wp\/v2\/pages\/25187\/revisions"}],"predecessor-version":[{"id":25189,"href":"https:\/\/www.ibcspain.com\/en\/wp-json\/wp\/v2\/pages\/25187\/revisions\/25189"}],"wp:attachment":[{"href":"https:\/\/www.ibcspain.com\/en\/wp-json\/wp\/v2\/media?parent=25187"}],"curies":[{"name":"wp","href":"https:\/\/api.w.org\/{rel}","templated":true}]}}