{"id":24786,"date":"2020-10-11T11:30:18","date_gmt":"2020-10-11T10:30:18","guid":{"rendered":"https:\/\/www.ibcspain.com\/beta\/?page_id=24786"},"modified":"2022-02-10T12:01:51","modified_gmt":"2022-02-10T11:01:51","slug":"about-us","status":"publish","type":"page","link":"https:\/\/www.ibcspain.com\/en\/about-us\/","title":{"rendered":"About us"},"content":{"rendered":"<section class=\"wpb-content-wrapper\"><p>[vc_row][vc_column offset=&#8221;vc_col-lg-12 vc_hidden-md vc_hidden-sm&#8221;]<div class=\"clearboth\"><\/div><style>#thegem-divider-69f0e42d96644 {margin-top: 110px !important;}<\/style><div id=\"thegem-divider-69f0e42d96644\" class=\"gem-divider  \" style=\"\" ><\/div>[\/vc_column][vc_column offset=&#8221;vc_hidden-lg vc_col-md-12 vc_col-xs-12&#8243;]<div class=\"clearboth\"><\/div><style>#thegem-divider-69f0e42d9669f {margin-top: 30px !important;}<\/style><div id=\"thegem-divider-69f0e42d9669f\" class=\"gem-divider  \" style=\"\" ><\/div>[\/vc_column][vc_column width=&#8221;5\/6&#8243; offset=&#8221;vc_col-lg-offset-0 vc_col-lg-6 vc_col-md-offset-0 vc_col-md-6 vc_col-sm-offset-2 vc_col-xs-12&#8243;]<div class=\"gem-image gem-wrapbox gem-wrapbox-style-default gem-wrapbox-position-left lazy-loading\"  style=\"\"><div class=\"gem-wrapbox-inner  lazy-loading-item\"  data-ll-effect=\"move-up\"><img decoding=\"async\" class=\"gem-wrapbox-element img-responsive\" src=\"https:\/\/www.ibcspain.com\/wp-content\/uploads\/2022\/01\/img_meeting_sobrenosotros.jpg\" alt=\"\"\/><\/div><\/div>[\/vc_column][vc_column offset=&#8221;vc_col-lg-6 vc_col-md-6 vc_col-xs-12&#8243;][vc_row_inner][vc_column_inner][vc_column_text css_animation=&#8221;bottom-to-top&#8221;]<\/p>\n<div class=\"title-h3\">The ibc is offered as a cost-effective solution to foster international relations to increase business abroad<\/div>\n<p>[\/vc_column_text][\/vc_column_inner][vc_column_inner offset=&#8221;vc_col-lg-12 vc_col-md-12 vc_hidden-sm vc_hidden-xs&#8221;]<div class=\"clearboth\"><\/div><style>#thegem-divider-69f0e42d96c98 {margin-top: 30px !important;}<\/style><div id=\"thegem-divider-69f0e42d96c98\" class=\"gem-divider  \" style=\"\" ><\/div>[\/vc_column_inner][\/vc_row_inner][vc_row_inner][vc_column_inner width=&#8221;1\/6&#8243; disable_custom_paddings_mobile=&#8221;true&#8221; css=&#8221;.vc_custom_1603185862828{padding-right: 0px !important;}&#8221;]<div class=\"clearboth\"><\/div><style>#thegem-divider-69f0e42d96ccb {margin-top: 11px !important;}<\/style><div id=\"thegem-divider-69f0e42d96ccb\" class=\"gem-divider  \" style=\"\" ><\/div><div class=\"clearboth\"><\/div><div id=\"thegem-divider-69f0e42d96cf0\" class=\"gem-divider   gem-divider-style-2\" style=\"border-color: #ffca73;\" ><\/div>[\/vc_column_inner][vc_column_inner width=&#8221;5\/6&#8243; disable_custom_paddings_tablet=&#8221;true&#8221; disable_custom_paddings_mobile=&#8221;true&#8221; css=&#8221;.vc_custom_1603177981334{padding-right: 21% !important;padding-left: 20px !important;}&#8221;][vc_column_text css_animation=&#8221;bottom-to-top&#8221;]<strong>The International Business Council Spain (IBC)<\/strong> was founded in 2009 by a group of specialists in foreign trade, international relations and marketing. Since then, it has developed a remarkable work accompanying public and private entities in their internationalization processes towards Africa, Latin America and the United States.<\/p>\n<p>The IBC team works closely with our clients as an external international department, in order to develop their projects in an efficient and cost-effective way without the need to create their own structures.<\/p>\n<p>Likewise, the IBC team works with the public sector in planning and dynamization processes for internationalization through analysis, studies, training and support to specific projects.<\/p>\n<p>[\/vc_column_text][\/vc_column_inner][\/vc_row_inner][\/vc_column][\/vc_row][vc_row][vc_column offset=&#8221;vc_hidden-lg vc_col-md-12 vc_hidden-xs&#8221;]<div class=\"clearboth\"><\/div><style>#thegem-divider-69f0e42d96d0f {margin-top: 1px !important;}<\/style><div id=\"thegem-divider-69f0e42d96d0f\" class=\"gem-divider  \" style=\"\" ><\/div>[\/vc_column][vc_column offset=&#8221;vc_col-lg-6 vc_col-md-6 vc_col-xs-12&#8243;][vc_row_inner][vc_column_inner offset=&#8221;vc_col-lg-12 vc_hidden-md vc_hidden-sm vc_hidden-xs&#8221;]<div class=\"clearboth\"><\/div><style>#thegem-divider-69f0e42d96d2e {margin-top: 90px !important;}<\/style><div id=\"thegem-divider-69f0e42d96d2e\" class=\"gem-divider  \" style=\"\" ><\/div>[\/vc_column_inner][\/vc_row_inner][vc_row_inner][vc_column_inner offset=&#8221;vc_col-lg-12 vc_col-md-12 vc_hidden-sm vc_hidden-xs&#8221;]<div class=\"clearboth\"><\/div><style>#thegem-divider-69f0e42d96d4a {margin-top: 30px !important;}<\/style><div id=\"thegem-divider-69f0e42d96d4a\" class=\"gem-divider  \" style=\"\" ><\/div>[\/vc_column_inner][\/vc_row_inner][vc_row_inner][vc_column_inner width=&#8221;1\/6&#8243; disable_custom_paddings_mobile=&#8221;true&#8221; css=&#8221;.vc_custom_1603185884636{padding-right: 0px !important;}&#8221;]<div class=\"clearboth\"><\/div><style>#thegem-divider-69f0e42d96d65 {margin-top: 11px !important;}<\/style><div id=\"thegem-divider-69f0e42d96d65\" class=\"gem-divider  \" style=\"\" ><\/div><div class=\"clearboth\"><\/div><div id=\"thegem-divider-69f0e42d96d8e\" class=\"gem-divider   gem-divider-style-2\" style=\"border-color: #ffca73;\" ><\/div>[\/vc_column_inner][vc_column_inner width=&#8221;5\/6&#8243; disable_custom_paddings_tablet=&#8221;true&#8221; disable_custom_paddings_mobile=&#8221;true&#8221; css=&#8221;.vc_custom_1603177975870{padding-right: 26% !important;padding-left: 20px !important;}&#8221;][vc_column_text css_animation=&#8221;bottom-to-top&#8221;]IBC helps the public sector to plan and implement actions to foster international relations in order to attract investment, talent and know-how to develop the private sector, especially in Africa where IBC has been encouraging Spanish companies to invest and export and public institutions to invest and cooperate. IBC relies on a solid network of collaborators, clients and knowledge in the continent before<br \/>\nmentioned.<\/p>\n<p>IBC is offered as a cost-effective solution to implement an operational base for the creation of an international department within your company.[\/vc_column_text][\/vc_column_inner][\/vc_row_inner][\/vc_column][vc_column width=&#8221;5\/6&#8243; css=&#8221;.vc_custom_1643885236010{margin-top: -70px !important;}&#8221; el_class=&#8221;gem-custom-responsive-column-margin&#8221; offset=&#8221;vc_col-lg-offset-0 vc_col-lg-6 vc_col-md-offset-0 vc_col-md-6 vc_col-sm-offset-2 vc_col-xs-12&#8243;]<div class=\"gem-image gem-wrapbox gem-wrapbox-style-default gem-wrapbox-position-right lazy-loading\"  style=\"\"><div class=\"gem-wrapbox-inner  lazy-loading-item\"  data-ll-effect=\"move-up\"><img decoding=\"async\" class=\"gem-wrapbox-element img-responsive\" src=\"https:\/\/www.ibcspain.com\/wp-content\/uploads\/2022\/01\/img_relacionesinernacionales.jpg\" alt=\"\"\/><\/div><\/div>[\/vc_column][\/vc_row][vc_row][vc_column offset=&#8221;vc_col-lg-12 vc_hidden-md vc_hidden-sm vc_hidden-xs&#8221;]<div class=\"clearboth\"><\/div><style>#thegem-divider-69f0e42d972a2 {margin-top: 50px !important;}<\/style><div id=\"thegem-divider-69f0e42d972a2\" class=\"gem-divider  \" style=\"\" ><\/div>[vc_column_text css_animation=&#8221;bottom-to-top&#8221;]<\/p>\n<div class=\"title-h3\" style=\"text-align: center;\">SHORT BIO<\/div>\n<p>[\/vc_column_text][vc_row_inner equal_height=&#8221;yes&#8221; gap=&#8221;35&#8243;][vc_column_inner width=&#8221;1\/2&#8243;]<div class=\"gem-team row inline-row gem-team-style-5\" data-hover-colors=\"{&quot;image_border_color&quot;:&quot;#F6F6F6FF&quot;}\" >\n<div class=\"col-xs-12 inline-column\"> <div id=\"post-24915\" class=\"team-person centered-box default-background post-24915 thegem_team_person type-thegem_team_person status-publish has-post-thumbnail\" ><div class=\"team-person-hover\"> <div class=\"team-person-image\"> <span><span class=\"image-hover\" > <picture> <source srcset=\"https:\/\/www.ibcspain.com\/wp-content\/uploads\/2022\/01\/Navin_Khemlani.png 2x\" sizes=\"100vw\"> <img decoding=\"async\" src=\"https:\/\/www.ibcspain.com\/wp-content\/uploads\/2022\/01\/Navin_Khemlani.png\" width=\"240\" height=\"240\" class=\"img-responsive\" alt=\"Navin_Khemlani\" \/> <\/picture> <\/span><\/span> <\/div> <div class=\"team-person-info\"> <div class=\"team-person-name title-h4\" >Navin Khemlani<\/div> <div class=\"team-person-description\"><p>Navin Khemlani ha centrado su desarrollo profesional en la internacionalizaci\u00f3n de las PYMES. Desde el a\u00f1o 2006 dirige la empresa consultora IBC Spain, trabajando en estrecha colaboraci\u00f3n con empresas privadas e instituciones p\u00fablicas. En todo este periodo ha realizado planes estrat\u00e9gicos, elaborado informaci\u00f3n de mercado, planes de viabilidad, estrategias de comercializaci\u00f3n y marketing internacional para minimizar riesgos en el proceso de internacionalizaci\u00f3n. Es consultor homologado por la C\u00e1mara de Comercio Internacional en los INCOTERM 2020, y ha publicado informes en organismos internacionales como la Organizaci\u00f3n Mundial de Turismo y el Banco Interamericano de Desarrollo.<\/p>\n<\/div> <\/div> <div class=\"socials team-person-socials socials-colored-hover\"><a title=\"LinkedIn\" target=\"_blank\" href=\"https:\/\/www.linkedin.com\/in\/navin-khemlani-22b48b\/%20\" class=\"socials-item\"><i class=\"socials-item-icon social-item-rounded linkedin\"><\/i><\/a><\/div>\t<\/div><a class=\"team-person-link\" href=\"#\" target=\"_self\"><\/a><\/div>\n<\/div>\n<\/div>[\/vc_column_inner][vc_column_inner width=&#8221;1\/2&#8243;]<div class=\"gem-team row inline-row gem-team-style-5\" data-hover-colors=\"{&quot;image_border_color&quot;:&quot;#F6F6F6FF&quot;}\" >\n<div class=\"col-xs-12 inline-column\"> <div id=\"post-24950\" class=\"team-person centered-box default-background post-24950 thegem_team_person type-thegem_team_person status-publish has-post-thumbnail\" ><div class=\"team-person-hover\"> <div class=\"team-person-image\"> <span><span class=\"image-hover\" > <picture> <source srcset=\"https:\/\/www.ibcspain.com\/wp-content\/uploads\/2022\/01\/Alejandro_Rueda.png 2x\" sizes=\"100vw\"> <img decoding=\"async\" src=\"https:\/\/www.ibcspain.com\/wp-content\/uploads\/2022\/01\/Alejandro_Rueda.png\" width=\"240\" height=\"240\" class=\"img-responsive\" alt=\"Alejandro_Rueda\" \/> <\/picture> <\/span><\/span> <\/div> <div class=\"team-person-info\"> <div class=\"team-person-name title-h4\" >Alejandro Rueda<\/div> <div class=\"team-person-description\"><p>Alejandro Rueda es especialista en Comercio Exterior y Relaciones Internacionales, con una larga trayectoria en asociaciones empresariales espa\u00f1olas e internacionales. Tras su paso por las C\u00e1maras de Comercio de Gran Canaria y Lanzarote, desarrolla su actividad profesional desde 2010 como director de programas de la C\u00e1mara de Comercio de EE.UU. en Espa\u00f1a, compaginando esta labor con el desarrollo de proyectos de consultor\u00eda internacional en pa\u00edses como Senegal, Ghana, Hait\u00ed y Ecuador, entre otros.<\/p>\n<\/div> <\/div> <div class=\"socials team-person-socials socials-colored-hover\"><a title=\"LinkedIn\" target=\"_blank\" href=\"https:\/\/www.linkedin.com\/in\/alejandroruedavalido\/%20\" class=\"socials-item\"><i class=\"socials-item-icon social-item-rounded linkedin\"><\/i><\/a><\/div>\t<\/div><a class=\"team-person-link\" href=\"#\" target=\"_self\"><\/a><\/div>\n<\/div>\n<\/div>[\/vc_column_inner][\/vc_row_inner][\/vc_column][vc_column][vc_tta_tabs style=&#8221;outline&#8221; shape=&#8221;square&#8221; spacing=&#8221;3&#8243; active_section=&#8221;1&#8243; el_class=&#8221;gem-custom-tabs-color&#8221;][vc_tta_section title=&#8221;\u00bfQU\u00c9 HACEMOS?&#8221; tab_id=&#8221;que-hacemos161d-4e70&#8243;][vc_row_inner][vc_column_inner offset=&#8221;vc_hidden-md vc_hidden-sm vc_hidden-xs&#8221;]<div class=\"clearboth\"><\/div><style>#thegem-divider-69f0e42da11c2 {margin-top: 45px !important;}<\/style><div id=\"thegem-divider-69f0e42da11c2\" class=\"gem-divider  \" style=\"\" ><\/div>[\/vc_column_inner][vc_column_inner css=&#8221;.vc_custom_1640773214849{padding-right: 25px !important;padding-left: 31px !important;}&#8221;]<div class=\"gem-list gem-list-type-disc-style-1 gem-list-color-4\" ><ul>\n<li>IBC trabaja para crear y mejorar las relaciones internacionales de sus clientes, con el objetivo de generar relaciones comerciales estables.<\/li>\n<li>Representamos los intereses de las empresas e instituciones para promover el desarrollo de su actividad en Espa\u00f1a, la UE y \u00c1frica. Tambi\u00e9n impulsamos proyectos de inversi\u00f3n internacional, generando conocimiento de los mercados y conectando empresas privadas y organizaciones p\u00fablicas para la materializaci\u00f3n de proyectos.<\/li>\n<li>IBC act\u00faa como plataforma para el intercambio de informaci\u00f3n y oportunidades con el fin de crear mayores y mejores relaciones empresariales entre Europa, Am\u00e9rica y \u00c1frica.<\/li>\n<\/ul>\n<\/div>[\/vc_column_inner][vc_column_inner offset=&#8221;vc_hidden-md vc_hidden-sm vc_hidden-xs&#8221;]<div class=\"clearboth\"><\/div><style>#thegem-divider-69f0e42da1253 {margin-top: 10px !important;}<\/style><div id=\"thegem-divider-69f0e42da1253\" class=\"gem-divider  \" style=\"\" ><\/div>[\/vc_column_inner][\/vc_row_inner][\/vc_tta_section][vc_tta_section title=&#8221;VISI\u00d3N&#8221; tab_id=&#8221;vision161d-4e70&#8243;][vc_row_inner][vc_column_inner offset=&#8221;vc_hidden-md vc_hidden-sm vc_hidden-xs&#8221;]<div class=\"clearboth\"><\/div><style>#thegem-divider-69f0e42da1272 {margin-top: 45px !important;}<\/style><div id=\"thegem-divider-69f0e42da1272\" class=\"gem-divider  \" style=\"\" ><\/div>[\/vc_column_inner][vc_column_inner css=&#8221;.vc_custom_1640773187678{padding-right: 25px !important;padding-left: 31px !important;}&#8221;]<div class=\"gem-list gem-list-type-disc-style-1 gem-list-color-4\" ><ul>\n<li>Fomentar inversiones y relaciones comerciales internacionales de forma segura.<\/li>\n<li>Contribuir al desarrollo de conocimientos sobre mercados internacionales.<\/li>\n<li>Creaci\u00f3n de redes comerciales internacionales.<\/li>\n<\/ul>\n<\/div>[\/vc_column_inner][vc_column_inner offset=&#8221;vc_hidden-md vc_hidden-sm vc_hidden-xs&#8221;]<div class=\"clearboth\"><\/div><style>#thegem-divider-69f0e42da12ca {margin-top: 10px !important;}<\/style><div id=\"thegem-divider-69f0e42da12ca\" class=\"gem-divider  \" style=\"\" ><\/div>[\/vc_column_inner][\/vc_row_inner][\/vc_tta_section][\/vc_tta_tabs][\/vc_column][\/vc_row][vc_row][vc_column offset=&#8221;vc_col-lg-12 vc_hidden-md vc_hidden-sm&#8221;]<div class=\"clearboth\"><\/div><style>#thegem-divider-69f0e42da12e4 {margin-top: 100px !important;}<\/style><div id=\"thegem-divider-69f0e42da12e4\" class=\"gem-divider  \" style=\"\" ><\/div>[\/vc_column][vc_column offset=&#8221;vc_hidden-lg vc_col-md-12 vc_col-xs-12 vc_hidden-xs&#8221;]<div class=\"clearboth\"><\/div><style>#thegem-divider-69f0e42da12fa {margin-top: 30px !important;}<\/style><div id=\"thegem-divider-69f0e42da12fa\" class=\"gem-divider  \" style=\"\" ><\/div>[\/vc_column][vc_column offset=&#8221;vc_col-lg-7 vc_col-md-7 vc_col-xs-12&#8243;][vc_row_inner][vc_column_inner width=&#8221;1\/6&#8243; disable_custom_paddings_mobile=&#8221;true&#8221; css=&#8221;.vc_custom_1603377383580{padding-right: 0px !important;}&#8221;]<div class=\"clearboth\"><\/div><style>#thegem-divider-69f0e42da1310 {margin-top: 17px !important;}<\/style><div id=\"thegem-divider-69f0e42da1310\" class=\"gem-divider  \" style=\"\" ><\/div><div class=\"clearboth\"><\/div><div id=\"thegem-divider-69f0e42da1327\" class=\"gem-divider   gem-divider-style-2\" style=\"border-color: #ffca72;\" ><\/div>[\/vc_column_inner][vc_column_inner width=&#8221;5\/6&#8243; disable_custom_paddings_tablet=&#8221;true&#8221; disable_custom_paddings_mobile=&#8221;true&#8221; css=&#8221;.vc_custom_1603376979605{padding-right: 21% !important;padding-left: 20px !important;}&#8221;][vc_column_text]<\/p>\n<div class=\"title-h4\">OUR EXPERTISE &#8211; \u00c1FRICA.<\/div>\n<p>[\/vc_column_text][\/vc_column_inner][vc_column_inner width=&#8221;5\/6&#8243; offset=&#8221;vc_hidden-md vc_hidden-sm vc_hidden-xs&#8221;][\/vc_column_inner][\/vc_row_inner][vc_row_inner][vc_column_inner width=&#8221;1\/6&#8243;][\/vc_column_inner][vc_column_inner width=&#8221;5\/6&#8243; disable_custom_paddings_tablet=&#8221;true&#8221; disable_custom_paddings_mobile=&#8221;true&#8221; css=&#8221;.vc_custom_1630921309113{padding-right: 10% !important;padding-left: 20px !important;}&#8221;]<div class=\"clearboth\"><\/div><style>#thegem-divider-69f0e42da133c {margin-top: 5px !important;}<\/style><div id=\"thegem-divider-69f0e42da133c\" class=\"gem-divider  \" style=\"\" ><\/div>[vc_column_text]Africa is set to become an engine of global growth due to four main factors.<\/p>\n<p>First, because of increased competition in developed markets, Africa presents an opportunity for a new beginning. The challenge of moving from poverty to properity sets clear growth assumptions.<\/p>\n<p>Second, competition for access to natural resources increases Africa&#8217;s bargaining power. In less than a decade, emerging economies have become major consumers of oil, gas and other minerals. Consequently, prices are rising, as is Africa&#8217;s strategic role.<\/p>\n<p>Third, technological and economic changes open up new avenues in Africa. Competition is intensifying to manage scarce resources, meet the needs of the global<br \/>\nmiddle class and attract the underprivileged classes into mass consumption. Moreover, rising labour costs in Asia will create opportunities for low-cost manufacturing in Africa.<\/p>\n<p>IBC programs are designed to identify and match the best business partners in West Africa, the U.S. and Europe, by developing contacts and business relationships, providing a platform for project development and information exchange.[\/vc_column_text][\/vc_column_inner][\/vc_row_inner][\/vc_column][vc_column width=&#8221;5\/6&#8243; offset=&#8221;vc_col-lg-offset-0 vc_col-lg-5 vc_col-md-offset-0 vc_col-md-5 vc_col-sm-offset-2 vc_col-xs-12&#8243;]<div class=\"gem-image gem-wrapbox gem-wrapbox-style-default gem-wrapbox-position-right\"  style=\"\"><div class=\"gem-wrapbox-inner \" ><img decoding=\"async\" class=\"gem-wrapbox-element img-responsive\" src=\"https:\/\/www.ibcspain.com\/wp-content\/uploads\/2022\/01\/img_africa_sobrenosotros.jpg\" alt=\"\"\/><\/div><\/div>[\/vc_column][vc_column offset=&#8221;vc_col-lg-12 vc_hidden-md vc_hidden-sm vc_hidden-xs&#8221;]<div class=\"clearboth\"><\/div><style>#thegem-divider-69f0e42da1a25 {margin-top: 100px !important;}<\/style><div id=\"thegem-divider-69f0e42da1a25\" class=\"gem-divider  \" style=\"\" ><\/div>[\/vc_column][vc_column offset=&#8221;vc_hidden-lg vc_col-md-12 vc_col-xs-12 vc_hidden-xs&#8221;]<div class=\"clearboth\"><\/div><style>#thegem-divider-69f0e42da1a45 {margin-top: 30px !important;}<\/style><div id=\"thegem-divider-69f0e42da1a45\" class=\"gem-divider  \" style=\"\" ><\/div>[\/vc_column][\/vc_row]<\/p>\n<\/section>","protected":false},"excerpt":{"rendered":"<p>[vc_row][vc_column offset=&#8221;vc_col-lg-12 vc_hidden-md vc_hidden-sm&#8221;][\/vc_column][vc_column offset=&#8221;vc_hidden-lg vc_col-md-12 vc_col-xs-12&#8243;][\/vc_column][vc_column width=&#8221;5\/6&#8243; offset=&#8221;vc_col-lg-offset-0 vc_col-lg-6 vc_col-md-offset-0 vc_col-md-6 vc_col-sm-offset-2 vc_col-xs-12&#8243;][\/vc_column][vc_column offset=&#8221;vc_col-lg-6 vc_col-md-6 vc_col-xs-12&#8243;][vc_row_inner][vc_column_inner][vc_column_text css_animation=&#8221;bottom-to-top&#8221;] The ibc&#8230;<\/p>\n","protected":false},"author":1,"featured_media":0,"parent":0,"menu_order":2,"comment_status":"closed","ping_status":"closed","template":"","meta":{"footnotes":""},"class_list":["post-24786","page","type-page","status-publish"],"_links":{"self":[{"href":"https:\/\/www.ibcspain.com\/en\/wp-json\/wp\/v2\/pages\/24786","targetHints":{"allow":["GET"]}}],"collection":[{"href":"https:\/\/www.ibcspain.com\/en\/wp-json\/wp\/v2\/pages"}],"about":[{"href":"https:\/\/www.ibcspain.com\/en\/wp-json\/wp\/v2\/types\/page"}],"author":[{"embeddable":true,"href":"https:\/\/www.ibcspain.com\/en\/wp-json\/wp\/v2\/users\/1"}],"replies":[{"embeddable":true,"href":"https:\/\/www.ibcspain.com\/en\/wp-json\/wp\/v2\/comments?post=24786"}],"version-history":[{"count":12,"href":"https:\/\/www.ibcspain.com\/en\/wp-json\/wp\/v2\/pages\/24786\/revisions"}],"predecessor-version":[{"id":25096,"href":"https:\/\/www.ibcspain.com\/en\/wp-json\/wp\/v2\/pages\/24786\/revisions\/25096"}],"wp:attachment":[{"href":"https:\/\/www.ibcspain.com\/en\/wp-json\/wp\/v2\/media?parent=24786"}],"curies":[{"name":"wp","href":"https:\/\/api.w.org\/{rel}","templated":true}]}}